{"id":5489,"date":"2023-02-24T17:50:43","date_gmt":"2023-02-24T17:50:43","guid":{"rendered":"https:\/\/www.dataprotectionofficer.help\/coindu\/denuncia-de-irregularidades\/"},"modified":"2024-04-26T16:38:52","modified_gmt":"2024-04-26T16:38:52","slug":"denuncia-de-irregularidades","status":"publish","type":"page","link":"https:\/\/www.dataprotectionofficer.help\/es\/coindu\/denuncia-de-irregularidades\/","title":{"rendered":"Quejas"},"content":{"rendered":"<p>[et_pb_section fb_built=\u00bb1&#8243; _builder_version=\u00bb4.20.0&#8243; _module_preset=\u00bbdefault\u00bb background_color=\u00bb#ededed\u00bb min_height=\u00bb100vh\u00bb custom_padding=\u00bb195px||||false|false\u00bb da_disable_devices=\u00bboff|off|off\u00bb global_colors_info=\u00bb{}\u00bb da_is_popup=\u00bboff\u00bb da_exit_intent=\u00bboff\u00bb da_has_close=\u00bbon\u00bb da_alt_close=\u00bboff\u00bb da_dark_close=\u00bboff\u00bb da_not_modal=\u00bbon\u00bb da_is_singular=\u00bboff\u00bb da_with_loader=\u00bboff\u00bb da_has_shadow=\u00bbon\u00bb][et_pb_row _builder_version=\u00bb4.19.4&#8243; _module_preset=\u00bbdefault\u00bb max_width=\u00bb1380px\u00bb custom_margin=\u00bb|auto||auto|false|false\u00bb locked=\u00bboff\u00bb global_colors_info=\u00bb{}\u00bb][et_pb_column type=\u00bb4_4&#8243; _builder_version=\u00bb4.16&#8243; _module_preset=\u00bbdefault\u00bb global_colors_info=\u00bb{}\u00bb][et_pb_text disabled_on=\u00bboff|off|off\u00bb _builder_version=\u00bb4.20.0&#8243; _module_preset=\u00bbdefault\u00bb text_font=\u00bb|300|||||||\u00bb text_text_color=\u00bb#FFFFFF\u00bb text_font_size=\u00bb22px\u00bb header_font=\u00bbAlata|700|||||||\u00bb header_text_color=\u00bb#7C1111&#8243; header_font_size=\u00bb62px\u00bb header_line_height=\u00bb1.5em\u00bb header_2_font=\u00bbMontserrat|700|||||||\u00bb header_2_text_color=\u00bb#3278ad\u00bb header_2_font_size=\u00bb55px\u00bb header_2_line_height=\u00bb1.5em\u00bb custom_margin=\u00bb||1px|||\u00bb header_font_tablet=\u00bb\u00bb header_font_phone=\u00bb\u00bb header_font_last_edited=\u00bbon|tablet\u00bb header_font_size_tablet=\u00bb62px\u00bb header_font_size_phone=\u00bb52px\u00bb header_font_size_last_edited=\u00bbon|phone\u00bb header_2_font_size_tablet=\u00bb45px\u00bb header_2_font_size_phone=\u00bb45px\u00bb header_2_font_size_last_edited=\u00bbon|phone\u00bb global_colors_info=\u00bb{}\u00bb]<\/p>\n<h2>Denuncia de irregularidades<\/h2>\n<p>[\/et_pb_text][et_pb_text _builder_version=\u00bb4.20.0&#8243; _module_preset=\u00bbdefault\u00bb text_font=\u00bb|300|||||||\u00bb text_text_color=\u00bb#6d6d6d\u00bb text_font_size=\u00bb18px\u00bb header_font=\u00bbAlata|700|||||||\u00bb header_text_color=\u00bb#7C1111&#8243; header_font_size=\u00bb62px\u00bb header_line_height=\u00bb1.5em\u00bb header_2_font=\u00bbMontserrat|700|||||||\u00bb header_2_text_color=\u00bb#3278ad\u00bb header_2_font_size=\u00bb55px\u00bb header_2_line_height=\u00bb1.5em\u00bb custom_margin=\u00bb||1px|||\u00bb header_font_tablet=\u00bb\u00bb header_font_phone=\u00bb\u00bb header_font_last_edited=\u00bbon|tablet\u00bb header_font_size_tablet=\u00bb62px\u00bb header_font_size_phone=\u00bb52px\u00bb header_font_size_last_edited=\u00bbon|phone\u00bb header_2_font_size_tablet=\u00bb45px\u00bb header_2_font_size_phone=\u00bb45px\u00bb header_2_font_size_last_edited=\u00bbon|phone\u00bb locked=\u00bboff\u00bb global_colors_info=\u00bb{}\u00bb]<\/p>\n<p>Para demostrar el compromiso de Coindu de garantizar la protecci\u00f3n de los denunciantes, consulte aqu\u00ed los procedimientos disponibles del Canal de Denuncias.<\/p>\n<p>[\/et_pb_text][\/et_pb_column][\/et_pb_row][et_pb_row column_structure=\u00bb1_4,1_4,1_4,1_4&#8243; use_custom_gutter=\u00bbon\u00bb gutter_width=\u00bb2&#8243; custom_padding_last_edited=\u00bbon|phone\u00bb _builder_version=\u00bb4.19.4&#8243; _module_preset=\u00bbdefault\u00bb max_width=\u00bb1380px\u00bb custom_padding=\u00bb146px|||||\u00bb custom_padding_tablet=\u00bb85px||||false|false\u00bb custom_padding_phone=\u00bb85px||||false|false\u00bb locked=\u00bboff\u00bb global_colors_info=\u00bb{}\u00bb][et_pb_column type=\u00bb1_4&#8243; _builder_version=\u00bb4.16&#8243; _module_preset=\u00bbdefault\u00bb global_colors_info=\u00bb{}\u00bb][et_pb_blurb title=\u00bbNormas\u00bb url_new_window=\u00bbon\u00bb use_icon=\u00bbon\u00bb font_icon=\u00bb&#xf505;||fa||900&#8243; icon_color=\u00bb#74a6da\u00bb image_icon_width=\u00bb38px\u00bb content_max_width=\u00bb100%\u00bb _builder_version=\u00bb4.20.0&#8243; _module_preset=\u00bbdefault\u00bb header_font=\u00bbMontserrat||||||||\u00bb header_text_align=\u00bbcenter\u00bb header_text_color=\u00bb#6d6d6d\u00bb header_font_size=\u00bb20px\u00bb body_font=\u00bb|300|||||||\u00bb body_text_align=\u00bbcenter\u00bb transform_scale_linked=\u00bboff\u00bb module_alignment=\u00bbleft\u00bb link_option_url=\u00bbhttps:\/\/www.whistleblowingofficer.com\/coindu\/estandares-regulatorios\/?lang=es\u00bb hover_enabled=\u00bb0&#8243; global_colors_info=\u00bb{}\u00bb custom_css_blurb_content_tablet=\u00bbwidth:auto;\u00bb custom_css_blurb_content_phone=\u00bbwidth:auto;\u00bb custom_css_blurb_content_last_edited=\u00bbon|phone\u00bb link_option_url_new_window=\u00bbon\u00bb sticky_enabled=\u00bb0&#8243;]<\/p>\n<p><strong>Normas internas<\/strong><br \/>Denuncia de irregularidades y normas de protecci\u00f3n de los denunciantes.<\/p>\n<p>[\/et_pb_blurb][\/et_pb_column][et_pb_column type=\u00bb1_4&#8243; _builder_version=\u00bb4.16&#8243; _module_preset=\u00bbdefault\u00bb global_colors_info=\u00bb{}\u00bb][et_pb_blurb title=\u00bbPlataforma\u00bb url=\u00bbhttps:\/\/www.whistleblowingofficer.com\/coindu\/?lang=es\u00bb url_new_window=\u00bbon\u00bb use_icon=\u00bbon\u00bb font_icon=\u00bb&#xf3ed;||fa||900&#8243; icon_color=\u00bb#74a6da\u00bb image_icon_width=\u00bb38px\u00bb content_max_width=\u00bb100%\u00bb _builder_version=\u00bb4.20.0&#8243; _module_preset=\u00bbdefault\u00bb header_font=\u00bbMontserrat||||||||\u00bb header_text_align=\u00bbcenter\u00bb header_text_color=\u00bb#6d6d6d\u00bb header_font_size=\u00bb20px\u00bb body_font=\u00bb|300|||||||\u00bb body_text_align=\u00bbcenter\u00bb transform_scale_linked=\u00bboff\u00bb module_alignment=\u00bbcenter\u00bb link_option_url_new_window=\u00bbon\u00bb hover_enabled=\u00bb0&#8243; locked=\u00bboff\u00bb global_colors_info=\u00bb{}\u00bb custom_css_main_element_last_edited=\u00bbon|desktop\u00bb custom_css_main_element_tablet=\u00bbwidth:auto;\u00bb custom_css_blurb_content_last_edited=\u00bbon|phone\u00bb custom_css_blurb_content_tablet=\u00bbwidth:auto;\u00bb custom_css_main_element_phone=\u00bbwidth:auto;\u00bb custom_css_blurb_content_phone=\u00bbwidth:auto;\u00bb link_option_url=\u00bbhttps:\/\/www.whistleblowingofficer.com\/coindu\/?lang=es\u00bb sticky_enabled=\u00bb0&#8243;]<\/p>\n<p><strong>Plataforma<\/strong><br \/>Plataforma de presentaci\u00f3n y seguimiento de denuncias.<\/p>\n<p>[\/et_pb_blurb][\/et_pb_column][et_pb_column type=\u00bb1_4&#8243; _builder_version=\u00bb4.16&#8243; _module_preset=\u00bbdefault\u00bb global_colors_info=\u00bb{}\u00bb][et_pb_blurb title=\u00bbTel\u00e9fono  \u00bb url_new_window=\u00bbon\u00bb use_icon=\u00bbon\u00bb font_icon=\u00bb&#xe090;||divi||400&#8243; icon_color=\u00bb#74a6da\u00bb image_icon_width=\u00bb38px\u00bb content_max_width=\u00bb100%\u00bb _builder_version=\u00bb4.20.0&#8243; _module_preset=\u00bbdefault\u00bb header_font=\u00bbMontserrat||||||||\u00bb header_text_align=\u00bbcenter\u00bb header_text_color=\u00bb#6d6d6d\u00bb header_font_size=\u00bb20px\u00bb body_font=\u00bb|300|||||||\u00bb body_text_align=\u00bbcenter\u00bb transform_scale_linked=\u00bboff\u00bb module_alignment=\u00bbcenter\u00bb hover_enabled=\u00bb0&#8243; global_colors_info=\u00bb{}\u00bb custom_css_blurb_content_tablet=\u00bbwidth:auto;\u00bb custom_css_blurb_content_phone=\u00bbwidth:auto;\u00bb custom_css_blurb_content_last_edited=\u00bbon|tablet\u00bb sticky_enabled=\u00bb0&#8243;]<\/p>\n<p><strong>(+351) 911 879 229<\/strong><br \/>Tel\u00e9fono de contacto para denuncias.<\/p>\n<p>[\/et_pb_blurb][\/et_pb_column][et_pb_column type=\u00bb1_4&#8243; _builder_version=\u00bb4.16&#8243; _module_preset=\u00bbdefault\u00bb global_colors_info=\u00bb{}\u00bb][et_pb_blurb title=\u00bbCorreo electr\u00f3nico\u00bb url_new_window=\u00bbon\u00bb use_icon=\u00bbon\u00bb font_icon=\u00bb&#xf0e0;||fa||900&#8243; icon_color=\u00bb#74a6da\u00bb image_icon_width=\u00bb38px\u00bb content_max_width=\u00bb100%\u00bb _builder_version=\u00bb4.20.0&#8243; _module_preset=\u00bbdefault\u00bb header_font=\u00bbMontserrat||||||||\u00bb header_text_align=\u00bbcenter\u00bb header_text_color=\u00bb#6d6d6d\u00bb header_font_size=\u00bb20px\u00bb body_font=\u00bb|300|||||||\u00bb body_text_align=\u00bbcenter\u00bb transform_scale_linked=\u00bboff\u00bb module_alignment=\u00bbcenter\u00bb global_colors_info=\u00bb{}\u00bb custom_css_main_element_last_edited=\u00bbon|desktop\u00bb custom_css_main_element_tablet=\u00bbwidth:auto;\u00bb custom_css_blurb_content_last_edited=\u00bbon|phone\u00bb custom_css_blurb_content_tablet=\u00bbwidth:auto;\u00bb custom_css_main_element_phone=\u00bbwidth:auto;\u00bb custom_css_blurb_content_phone=\u00bbwidth:auto;\u00bb]<\/p>\n<p><strong>compliance@coindu.com<\/strong><br \/>  Correo electr\u00f3nico para denunciar irregularidades.<\/p>\n<p>[\/et_pb_blurb][\/et_pb_column][\/et_pb_row][\/et_pb_section]<\/p>\n","protected":false},"excerpt":{"rendered":"<p>Denuncia de irregularidadesPara demostrar el compromiso de Coindu de garantizar la protecci\u00f3n de los denunciantes, consulte aqu\u00ed los procedimientos disponibles del Canal de Denuncias.Normas internasDenuncia de irregularidades y normas de protecci\u00f3n de los denunciantes.PlataformaPlataforma de presentaci\u00f3n y seguimiento de denuncias.(+351) 911 879 229Tel\u00e9fono de contacto para denuncias.compliance@coindu.com Correo electr\u00f3nico para denunciar irregularidades.<\/p>\n","protected":false},"author":2,"featured_media":0,"parent":5473,"menu_order":6,"comment_status":"closed","ping_status":"closed","template":"","meta":{"_et_pb_use_builder":"on","_et_pb_old_content":"","_et_gb_content_width":"","inline_featured_image":false,"footnotes":""},"categories":[238,239],"tags":[],"class_list":["post-5489","page","type-page","status-publish","hentry","category-002coindu-es","category-diseno-de-la-cabecera-de-coindu-generalidades"],"aioseo_notices":[],"_links":{"self":[{"href":"https:\/\/www.dataprotectionofficer.help\/es\/wp-json\/wp\/v2\/pages\/5489","targetHints":{"allow":["GET"]}}],"collection":[{"href":"https:\/\/www.dataprotectionofficer.help\/es\/wp-json\/wp\/v2\/pages"}],"about":[{"href":"https:\/\/www.dataprotectionofficer.help\/es\/wp-json\/wp\/v2\/types\/page"}],"author":[{"embeddable":true,"href":"https:\/\/www.dataprotectionofficer.help\/es\/wp-json\/wp\/v2\/users\/2"}],"replies":[{"embeddable":true,"href":"https:\/\/www.dataprotectionofficer.help\/es\/wp-json\/wp\/v2\/comments?post=5489"}],"version-history":[{"count":17,"href":"https:\/\/www.dataprotectionofficer.help\/es\/wp-json\/wp\/v2\/pages\/5489\/revisions"}],"predecessor-version":[{"id":6158,"href":"https:\/\/www.dataprotectionofficer.help\/es\/wp-json\/wp\/v2\/pages\/5489\/revisions\/6158"}],"up":[{"embeddable":true,"href":"https:\/\/www.dataprotectionofficer.help\/es\/wp-json\/wp\/v2\/pages\/5473"}],"wp:attachment":[{"href":"https:\/\/www.dataprotectionofficer.help\/es\/wp-json\/wp\/v2\/media?parent=5489"}],"wp:term":[{"taxonomy":"category","embeddable":true,"href":"https:\/\/www.dataprotectionofficer.help\/es\/wp-json\/wp\/v2\/categories?post=5489"},{"taxonomy":"post_tag","embeddable":true,"href":"https:\/\/www.dataprotectionofficer.help\/es\/wp-json\/wp\/v2\/tags?post=5489"}],"curies":[{"name":"wp","href":"https:\/\/api.w.org\/{rel}","templated":true}]}}