{"id":5502,"date":"2023-02-24T17:50:38","date_gmt":"2023-02-24T17:50:38","guid":{"rendered":"https:\/\/www.dataprotectionofficer.help\/coindu\/preguntas\/"},"modified":"2023-12-12T11:23:55","modified_gmt":"2023-12-12T11:23:55","slug":"preguntas","status":"publish","type":"page","link":"https:\/\/www.dataprotectionofficer.help\/es\/coindu\/preguntas\/","title":{"rendered":"Preguntas"},"content":{"rendered":"<p>[et_pb_section fb_built=\u00bb1&#8243; _builder_version=\u00bb4.20.0&#8243; _module_preset=\u00bbdefault\u00bb background_color=\u00bb#ededed\u00bb custom_padding=\u00bb195px||||false|false\u00bb da_disable_devices=\u00bboff|off|off\u00bb global_colors_info=\u00bb{}\u00bb da_is_popup=\u00bboff\u00bb da_exit_intent=\u00bboff\u00bb da_has_close=\u00bbon\u00bb da_alt_close=\u00bboff\u00bb da_dark_close=\u00bboff\u00bb da_not_modal=\u00bbon\u00bb da_is_singular=\u00bboff\u00bb da_with_loader=\u00bboff\u00bb da_has_shadow=\u00bbon\u00bb][et_pb_row _builder_version=\u00bb4.19.4&#8243; _module_preset=\u00bbdefault\u00bb max_width=\u00bb1380px\u00bb custom_margin=\u00bb-1px|auto||auto||\u00bb locked=\u00bboff\u00bb global_colors_info=\u00bb{}\u00bb][et_pb_column type=\u00bb4_4&#8243; _builder_version=\u00bb4.16&#8243; _module_preset=\u00bbdefault\u00bb global_colors_info=\u00bb{}\u00bb][et_pb_text _builder_version=\u00bb4.20.0&#8243; _module_preset=\u00bbdefault\u00bb text_font=\u00bb|300|||||||\u00bb text_text_color=\u00bb#FFFFFF\u00bb text_font_size=\u00bb22px\u00bb header_font=\u00bbAlata|700|||||||\u00bb header_text_color=\u00bb#7C1111&#8243; header_font_size=\u00bb62px\u00bb header_line_height=\u00bb1.5em\u00bb header_2_font=\u00bbMontserrat|700|||||||\u00bb header_2_text_color=\u00bb#3278ad\u00bb header_2_font_size=\u00bb55px\u00bb header_2_line_height=\u00bb1.5em\u00bb custom_margin=\u00bb||1px|||\u00bb header_font_tablet=\u00bb\u00bb header_font_phone=\u00bb\u00bb header_font_last_edited=\u00bbon|tablet\u00bb header_font_size_tablet=\u00bb62px\u00bb header_font_size_phone=\u00bb52px\u00bb header_font_size_last_edited=\u00bbon|phone\u00bb header_2_font_size_tablet=\u00bb45px\u00bb header_2_font_size_phone=\u00bb45px\u00bb header_2_font_size_last_edited=\u00bbon|phone\u00bb global_colors_info=\u00bb{}\u00bb]<\/p>\n<h2>Preguntas frecuentes<\/h2>\n<p>[\/et_pb_text][et_pb_text _builder_version=\u00bb4.20.0&#8243; _module_preset=\u00bbdefault\u00bb text_font=\u00bb|300|||||||\u00bb text_text_color=\u00bb#6d6d6d\u00bb text_font_size=\u00bb18px\u00bb header_font=\u00bbAlata|700|||||||\u00bb header_text_color=\u00bb#7C1111&#8243; header_font_size=\u00bb62px\u00bb header_line_height=\u00bb1.5em\u00bb header_2_font=\u00bbMontserrat|700|||||||\u00bb header_2_text_color=\u00bb#3278ad\u00bb header_2_font_size=\u00bb55px\u00bb header_2_line_height=\u00bb1.5em\u00bb custom_margin=\u00bb||1px|||\u00bb header_font_tablet=\u00bb\u00bb header_font_phone=\u00bb\u00bb header_font_last_edited=\u00bbon|tablet\u00bb header_font_size_tablet=\u00bb62px\u00bb header_font_size_phone=\u00bb52px\u00bb header_font_size_last_edited=\u00bbon|phone\u00bb header_2_font_size_tablet=\u00bb45px\u00bb header_2_font_size_phone=\u00bb45px\u00bb header_2_font_size_last_edited=\u00bbon|phone\u00bb locked=\u00bboff\u00bb global_colors_info=\u00bb{}\u00bb]<\/p>\n<p>Aqu\u00ed est\u00e1n las respuestas a las preguntas m\u00e1s frecuentes sobre Protecci\u00f3n de Datos, Protecci\u00f3n de Denunciantes, Seguridad de la Informaci\u00f3n y Cumplimiento Normativo en Coindu.<\/p>\n<p>[\/et_pb_text][\/et_pb_column][\/et_pb_row][et_pb_row _builder_version=\u00bb4.19.4&#8243; _module_preset=\u00bbdefault\u00bb max_width=\u00bb1380px\u00bb custom_margin=\u00bb-1px|auto||auto||\u00bb locked=\u00bboff\u00bb global_colors_info=\u00bb{}\u00bb][et_pb_column type=\u00bb4_4&#8243; _builder_version=\u00bb4.16&#8243; _module_preset=\u00bbdefault\u00bb global_colors_info=\u00bb{}\u00bb][et_pb_toggle title=\u00bb\u00bfD\u00f3nde puedo consultar la normativa legal vigente en materia de Protecci\u00f3n de Datos Personales?\u00bb toggle_icon=\u00bb&#x27;||divi||400&#8243; open_toggle_icon=\u00bb&#x4a;||divi||400&#8243; _builder_version=\u00bb4.20.0&#8243; _module_preset=\u00bbdefault\u00bb title_font=\u00bbMontserrat|700|||||||\u00bb title_font_size=\u00bb18px\u00bb border_radii=\u00bbon|5px|5px|5px|5px\u00bb global_colors_info=\u00bb{}\u00bb]<\/p>\n<p>Consulte <a href=\"\/directhit\/regulacao\/\" target=\"_blank\" rel=\"noopener\">aqu\u00ed<\/a> la normativa sobre Protecci\u00f3n de Datos Personales.<\/p>\n<p>[\/et_pb_toggle][et_pb_toggle title=\u00bb\u00bfD\u00f3nde puedo encontrar la normativa legal vigente en materia de protecci\u00f3n de los denunciantes?\u00bb toggle_icon=\u00bb&#x27;||divi||400&#8243; open_toggle_icon=\u00bb&#x4a;||divi||400&#8243; _builder_version=\u00bb4.20.0&#8243; _module_preset=\u00bbdefault\u00bb title_font=\u00bbMontserrat|700|||||||\u00bb title_font_size=\u00bb18px\u00bb border_radii=\u00bbon|5px|5px|5px|5px\u00bb global_colors_info=\u00bb{}\u00bb]<\/p>\n<p>Puede consultar la normativa legal aplicable en materia de protecci\u00f3n de los denunciantes en este <a href=\"https:\/\/www.protecaodedenunciantes.com\/regulacao\/\" target=\"_blank\" rel=\"noopener\">enlace<\/a>.<\/p>\n<p>[\/et_pb_toggle][et_pb_toggle title=\u00bbPuede consultar la normativa legal aplicable en materia de Seguridad de la Informaci\u00f3n y Ciberseguridad en este enlace.\u00bb toggle_icon=\u00bb&#x27;||divi||400&#8243; open_toggle_icon=\u00bb&#x4a;||divi||400&#8243; _builder_version=\u00bb4.20.0&#8243; _module_preset=\u00bbdefault\u00bb title_font=\u00bbMontserrat|700|||||||\u00bb title_font_size=\u00bb18px\u00bb border_radii=\u00bbon|5px|5px|5px|5px\u00bb global_colors_info=\u00bb{}\u00bb]<\/p>\n<p>Puede consultar la normativa legal aplicable en materia de Seguridad de la Informaci\u00f3n y Ciberseguridad en este <a href=\"https:\/\/www.regulacaodociberespaco.com\/repositorio-de-regulacao\/\" target=\"_blank\" rel=\"noopener\">enlace<\/a>.<\/p>\n<p>[\/et_pb_toggle][et_pb_toggle title=\u00bb\u00bfD\u00f3nde puedo encontrar un glosario con los principales conceptos sobre protecci\u00f3n de datos?\u00bb toggle_icon=\u00bb&#x27;||divi||400&#8243; open_toggle_icon=\u00bb&#x4a;||divi||400&#8243; _builder_version=\u00bb4.20.0&#8243; _module_preset=\u00bbdefault\u00bb title_font=\u00bbMontserrat|700|||||||\u00bb title_font_size=\u00bb18px\u00bb border_radii=\u00bbon|5px|5px|5px|5px\u00bb global_colors_info=\u00bb{}\u00bb]<\/p>\n<p>Puede acceder al Glosario de Protecci\u00f3n de Datos a trav\u00e9s <a href=\"https:\/\/www.dataprotectionofficer.help\/glossary\/\" target=\"_blank\" rel=\"noopener\">de<\/a> este <a href=\"https:\/\/www.dataprotectionofficer.help\/glossary\/\" target=\"_blank\" rel=\"noopener\">enlace<\/a>.<\/p>\n<p>[\/et_pb_toggle][et_pb_toggle title=\u00bb\u00bfD\u00f3nde puedo consultar las pol\u00edticas actuales de protecci\u00f3n de datos personales?\u00bb toggle_icon=\u00bb&#x27;||divi||400&#8243; open_toggle_icon=\u00bb&#x4a;||divi||400&#8243; _builder_version=\u00bb4.20.0&#8243; _module_preset=\u00bbdefault\u00bb title_font=\u00bbMontserrat|700|||||||\u00bb title_font_size=\u00bb18px\u00bb border_radii=\u00bbon|5px|5px|5px|5px\u00bb global_colors_info=\u00bb{}\u00bb]<\/p>\n<p>Puede consultar las Pol\u00edticas de Protecci\u00f3n de Datos vigentes en cada momento a trav\u00e9s de este <a href=\"https:\/\/www.dataprotectionofficer.help\/es\/coindu\/politicas\/\" target=\"_blank\" rel=\"noopener\">enlace<\/a>.<\/p>\n<p>[\/et_pb_toggle][et_pb_toggle title=\u00bb\u00bfD\u00f3nde puedo encontrar las Fichas Informativas de Inform\u00e1tica actuales?\u00bb toggle_icon=\u00bb&#x27;||divi||400&#8243; open_toggle_icon=\u00bb&#x4a;||divi||400&#8243; _builder_version=\u00bb4.20.0&#8243; _module_preset=\u00bbdefault\u00bb title_font=\u00bbMontserrat|700|||||||\u00bb title_font_size=\u00bb18px\u00bb border_radii=\u00bbon|5px|5px|5px|5px\u00bb global_colors_info=\u00bb{}\u00bb]<\/p>\n<p>Puede consultar las Fichas Informativas de Inform\u00e1tica disponibles en este <a href=\"https:\/\/www.dataprotectionofficer.help\/coindu\/information\/\" target=\"_blank\" rel=\"noopener\">enlace<\/a>.<\/p>\n<p>[\/et_pb_toggle][et_pb_toggle title=\u00bb\u00bfC\u00f3mo puedo ejercer mis derechos de protecci\u00f3n de datos personales?\u00bb toggle_icon=\u00bb&#x27;||divi||400&#8243; open_toggle_icon=\u00bb&#x4a;||divi||400&#8243; _builder_version=\u00bb4.20.0&#8243; _module_preset=\u00bbdefault\u00bb title_font=\u00bbMontserrat|700|||||||\u00bb title_font_size=\u00bb18px\u00bb border_radii=\u00bbon|5px|5px|5px|5px\u00bb global_colors_info=\u00bb{}\u00bb]<\/p>\n<p>Para ejercer sus derechos de protecci\u00f3n de datos, puede utilizar el formulario disponible en este <a href=\"https:\/\/www.dataprotectionofficer.help\/coindu\/forms\/\" target=\"_blank\" rel=\"noopener\">enlace<\/a>.<\/p>\n<p>[\/et_pb_toggle][et_pb_toggle title=\u00bb\u00bfC\u00f3mo puedo notificar un incidente de violaci\u00f3n de datos personales?\u00bb toggle_icon=\u00bb&#x27;||divi||400&#8243; open_toggle_icon=\u00bb&#x4a;||divi||400&#8243; _builder_version=\u00bb4.20.0&#8243; _module_preset=\u00bbdefault\u00bb title_font=\u00bbMontserrat|700|||||||\u00bb title_font_size=\u00bb18px\u00bb border_radii=\u00bbon|5px|5px|5px|5px\u00bb global_colors_info=\u00bb{}\u00bb]<\/p>\n<p>La notificaci\u00f3n de incidentes de violaci\u00f3n de datos personales puede hacerse utilizando el formulario de notificaci\u00f3n de incidentes disponible en este <a href=\"https:\/\/www.dataprotectionofficer.help\/coindu\/forms\/\" target=\"_blank\" rel=\"noopener\">enlace<\/a>.<\/p>\n<p>[\/et_pb_toggle][et_pb_toggle title=\u00bb\u00bfCu\u00e1les son los contactos del responsable de la protecci\u00f3n de datos?\u00bb toggle_icon=\u00bb&#x27;||divi||400&#8243; open_toggle_icon=\u00bb&#x4a;||divi||400&#8243; _builder_version=\u00bb4.20.0&#8243; _module_preset=\u00bbdefault\u00bb title_font=\u00bbMontserrat|700|||||||\u00bb title_font_size=\u00bb18px\u00bb border_radii=\u00bbon|5px|5px|5px|5px\u00bb global_colors_info=\u00bb{}\u00bb]<\/p>\n<p>Consulte <a href=\"https:\/\/www.dataprotectionofficer.help\/es\/coindu\/responsable-de-proteccion-de-datos\/\" target=\"_blank\" rel=\"noopener\">aqu\u00ed<\/a> los contactos del responsable de la protecci\u00f3n de datos.<\/p>\n<p>[\/et_pb_toggle][et_pb_toggle title=\u00bb\u00bfC\u00f3mo presentar una denuncia por mala praxis?\u00bb toggle_icon=\u00bb&#x27;||divi||400&#8243; open_toggle_icon=\u00bb&#x4a;||divi||400&#8243; _builder_version=\u00bb4.20.0&#8243; _module_preset=\u00bbdefault\u00bb title_font=\u00bbMontserrat|700|||||||\u00bb title_font_size=\u00bb18px\u00bb border_radii=\u00bbon|5px|5px|5px|5px\u00bb global_colors_info=\u00bb{}\u00bb]<\/p>\n<p>La denuncia de pr\u00e1cticas il\u00edcitas puede realizarse a trav\u00e9s del formulario disponible en la Plataforma del Canal de Denuncias, accesible a trav\u00e9s de este <a href=\"https:\/\/coindu.protecaodedenunciantes.com\/#\/\" target=\"_blank\" rel=\"noopener\">enlace<\/a>.<\/p>\n<p>[\/et_pb_toggle][et_pb_toggle title=\u00bb\u00bfCu\u00e1les son los canales de denuncia disponibles actualmente?\u00bb toggle_icon=\u00bb&#x27;||divi||400&#8243; open_toggle_icon=\u00bb&#x4a;||divi||400&#8243; _builder_version=\u00bb4.20.0&#8243; _module_preset=\u00bbdefault\u00bb title_font=\u00bbMontserrat|700|||||||\u00bb title_font_size=\u00bb18px\u00bb border_radii=\u00bbon|5px|5px|5px|5px\u00bb global_colors_info=\u00bb{}\u00bb]<\/p>\n<p>Consulte <a href=\"https:\/\/coindu.protecaodedenunciantes.com\/#\/\" target=\"_blank\" rel=\"noopener\">aqu\u00ed<\/a> los canales de denuncia disponibles.<\/p>\n<p>[\/et_pb_toggle][et_pb_toggle title=\u00bb\u00bfD\u00f3nde puedo presentar una queja de forma an\u00f3nima?\u00bb toggle_icon=\u00bb&#x27;||divi||400&#8243; open_toggle_icon=\u00bb&#x4a;||divi||400&#8243; _builder_version=\u00bb4.20.0&#8243; _module_preset=\u00bbdefault\u00bb title_font=\u00bbMontserrat|700|||||||\u00bb title_font_size=\u00bb18px\u00bb border_radii=\u00bbon|5px|5px|5px|5px\u00bb global_colors_info=\u00bb{}\u00bb]<\/p>\n<p>Utilice el formulario de denuncia seleccionando la opci\u00f3n de anonimato, a trav\u00e9s de este <a href=\"https:\/\/coindu.protecaodedenunciantes.com\/#\/\" target=\"_blank\" rel=\"noopener\">enlace<\/a>.<\/p>\n<p>[\/et_pb_toggle][et_pb_toggle title=\u00bb\u00bfC\u00f3mo puedo notificar un incidente de seguridad de la informaci\u00f3n o de ciberseguridad?\u00bb toggle_icon=\u00bb&#x27;||divi||400&#8243; open_toggle_icon=\u00bb&#x4a;||divi||400&#8243; _builder_version=\u00bb4.20.0&#8243; _module_preset=\u00bbdefault\u00bb title_font=\u00bbMontserrat|700|||||||\u00bb title_font_size=\u00bb18px\u00bb border_radii=\u00bbon|5px|5px|5px|5px\u00bb global_colors_info=\u00bb{}\u00bb]<\/p>\n<p>Para notificar un incidente relacionado con la seguridad de la informaci\u00f3n o el ciberespacio, utilice el formulario de notificaci\u00f3n de incidentes de seguridad, accesible a trav\u00e9s de este <a href=\"https:\/\/www.dataprotectionofficer.help\/coindu\/forms\/\" target=\"_blank\" rel=\"noopener\">enlace<\/a>.<\/p>\n<p>[\/et_pb_toggle][et_pb_toggle title=\u00bb\u00bfCu\u00e1les son los puntos de contacto permanentes de seguridad que puedo utilizar?\u00bb toggle_icon=\u00bb&#x27;||divi||400&#8243; open_toggle_icon=\u00bb&#x4a;||divi||400&#8243; _builder_version=\u00bb4.20.0&#8243; _module_preset=\u00bbdefault\u00bb title_font=\u00bbMontserrat|700|||||||\u00bb title_font_size=\u00bb18px\u00bb border_radii=\u00bbon|5px|5px|5px|5px\u00bb global_colors_info=\u00bb{}\u00bb]<\/p>\n<p>Consulte <a href=\"https:\/\/www.dataprotectionofficer.help\/coindu\/security\/\" target=\"_blank\" rel=\"noopener\">aqu\u00ed<\/a> los Puntos de Contacto Permanentes de Seguridad.<\/p>\n<p>[\/et_pb_toggle][et_pb_toggle title=\u00bb\u00bfC\u00f3mo puedo solicitar ayuda o apoyo?\u00bb toggle_icon=\u00bb&#x27;||divi||400&#8243; open_toggle_icon=\u00bb&#x4a;||divi||400&#8243; _builder_version=\u00bb4.20.0&#8243; _module_preset=\u00bbdefault\u00bb title_font=\u00bbMontserrat|700|||||||\u00bb title_font_size=\u00bb18px\u00bb border_radii=\u00bbon|5px|5px|5px|5px\u00bb global_colors_info=\u00bb{}\u00bb]<\/p>\n<p>Puede solicitar ayuda o apoyo a trav\u00e9s de los contactos disponibles en este <a href=\"https:\/\/www.dataprotectionofficer.help\/support\/\" target=\"_blank\" rel=\"noopener\">enlace<\/a>.<\/p>\n<p>[\/et_pb_toggle][\/et_pb_column][\/et_pb_row][\/et_pb_section]<\/p>\n","protected":false},"excerpt":{"rendered":"<p>Preguntas frecuentesAqu\u00ed est\u00e1n las respuestas a las preguntas m\u00e1s frecuentes sobre Protecci\u00f3n de Datos, Protecci\u00f3n de Denunciantes, Seguridad de la Informaci\u00f3n y Cumplimiento Normativo en Coindu.Consulte aqu\u00ed la normativa sobre Protecci\u00f3n de Datos Personales.Puede consultar la normativa legal aplicable en materia de protecci\u00f3n de los denunciantes en este enlace.Puede consultar la normativa legal aplicable en [&hellip;]<\/p>\n","protected":false},"author":2,"featured_media":0,"parent":5473,"menu_order":5,"comment_status":"closed","ping_status":"closed","template":"","meta":{"_et_pb_use_builder":"on","_et_pb_old_content":"","_et_gb_content_width":"","inline_featured_image":false,"footnotes":""},"categories":[238,239],"tags":[],"class_list":["post-5502","page","type-page","status-publish","hentry","category-002coindu-es","category-diseno-de-la-cabecera-de-coindu-generalidades"],"aioseo_notices":[],"_links":{"self":[{"href":"https:\/\/www.dataprotectionofficer.help\/es\/wp-json\/wp\/v2\/pages\/5502","targetHints":{"allow":["GET"]}}],"collection":[{"href":"https:\/\/www.dataprotectionofficer.help\/es\/wp-json\/wp\/v2\/pages"}],"about":[{"href":"https:\/\/www.dataprotectionofficer.help\/es\/wp-json\/wp\/v2\/types\/page"}],"author":[{"embeddable":true,"href":"https:\/\/www.dataprotectionofficer.help\/es\/wp-json\/wp\/v2\/users\/2"}],"replies":[{"embeddable":true,"href":"https:\/\/www.dataprotectionofficer.help\/es\/wp-json\/wp\/v2\/comments?post=5502"}],"version-history":[{"count":6,"href":"https:\/\/www.dataprotectionofficer.help\/es\/wp-json\/wp\/v2\/pages\/5502\/revisions"}],"predecessor-version":[{"id":5744,"href":"https:\/\/www.dataprotectionofficer.help\/es\/wp-json\/wp\/v2\/pages\/5502\/revisions\/5744"}],"up":[{"embeddable":true,"href":"https:\/\/www.dataprotectionofficer.help\/es\/wp-json\/wp\/v2\/pages\/5473"}],"wp:attachment":[{"href":"https:\/\/www.dataprotectionofficer.help\/es\/wp-json\/wp\/v2\/media?parent=5502"}],"wp:term":[{"taxonomy":"category","embeddable":true,"href":"https:\/\/www.dataprotectionofficer.help\/es\/wp-json\/wp\/v2\/categories?post=5502"},{"taxonomy":"post_tag","embeddable":true,"href":"https:\/\/www.dataprotectionofficer.help\/es\/wp-json\/wp\/v2\/tags?post=5502"}],"curies":[{"name":"wp","href":"https:\/\/api.w.org\/{rel}","templated":true}]}}