{"id":5508,"date":"2023-02-24T17:50:06","date_gmt":"2023-02-24T17:50:06","guid":{"rendered":"https:\/\/www.dataprotectionofficer.help\/coindu\/politicas\/aplicaciones\/"},"modified":"2024-04-26T16:57:07","modified_gmt":"2024-04-26T16:57:07","slug":"aplicaciones","status":"publish","type":"page","link":"https:\/\/www.dataprotectionofficer.help\/es\/coindu\/politicas\/aplicaciones\/","title":{"rendered":"Aplicaciones"},"content":{"rendered":"<h1>Pol\u00edtica de tratamiento de datos en la gesti\u00f3n de aplicaciones<\/h1>\n<p>1.Compromiso de protecci\u00f3n de datos<\/p>\n<p>COINDU MEXICO S. DE R. L. DE C. V., en adelante COINDU, persona jur\u00eddica con n\u00famero de persona jur\u00eddica CME150410CR0, cumple con la normativa legal comunitaria y nacional aplicable en materia de protecci\u00f3n de datos, privacidad y seguridad de la informaci\u00f3n personal de los candidatos, de acuerdo con los t\u00e9rminos generales de la Pol\u00edtica de Protecci\u00f3n de Datos y Privacidad a la que se puede acceder en <a href=\"http:\/\/www.coindu.com\">www.coindu.com<\/a> o en cualquiera de sus puntos de servicio.<\/p>\n<p>2.Datos personales<\/p>\n<p>COINDU recoge y trata los siguientes datos personales de los candidatos: nombre, cargo, puesto, empresa en la que trabaja y contactos dentro de la empresa, as\u00ed como los datos de su tarjeta de visita y todos los datos de su CV o formulario de solicitud.<\/p>\n<p>3.Fuentes de datos<\/p>\n<p>COINDU recopila los datos personales de los candidatos mediante el env\u00edo de CV personales, la cumplimentaci\u00f3n del formulario de solicitud o a partir de diversas fuentes de informaci\u00f3n personal accesibles al p\u00fablico en general (sitios web, redes profesionales, medios de comunicaci\u00f3n, etc.), as\u00ed como sobre la base de referencias personales.<\/p>\n<p>4. Finalidad del tratamiento<\/p>\n<p>COINDU trata los datos personales de los candidatos exclusivamente con fines de gesti\u00f3n de recursos humanos y de selecci\u00f3n o contrataci\u00f3n de trabajadores.<\/p>\n<p>5.Legitimidad del tratamiento<\/p>\n<p>COINDU fundamenta la legitimidad del tratamiento de los datos personales de los candidatos en funci\u00f3n de las actividades espec\u00edficas de tratamiento, ya sea sobre la base del consentimiento de los candidatos, sobre la base de la ejecuci\u00f3n de relaciones precontractuales, o sobre la base del inter\u00e9s leg\u00edtimo de la gesti\u00f3n de recursos humanos para la prosecuci\u00f3n de la selecci\u00f3n y contrataci\u00f3n de recursos humanos en el marco del ejercicio de una actividad econ\u00f3mica leg\u00edtima.<\/p>\n<p>6.Periodo de conservaci\u00f3n de los datos<\/p>\n<p>COINDU conservar\u00e1 los datos durante el plazo necesario para el cumplimiento de los fines del tratamiento, respetando los plazos legales, pudiendo el candidato solicitar su supresi\u00f3n o ejercitar cualquier otro derecho en cualquier momento. El plazo de conservaci\u00f3n por defecto es de cinco a\u00f1os para los curr\u00edculos y datos personales de los candidatos tratados por los servicios de gesti\u00f3n de recursos humanos.<\/p>\n<p>7.Comunicaci\u00f3n de datos personales<\/p>\n<p>Los datos personales de los candidatos son tratados exclusivamente por los servicios de gesti\u00f3n de recursos humanos de COINDU, y no se comunica ning\u00fan dato a terceros.<\/p>\n<p>8.Fichas de tratamiento de datos<\/p>\n<p>En virtud del principio de lealtad y transparencia y para garantizar el cumplimiento del deber de informaci\u00f3n, COINDU entrega directamente o pone a disposici\u00f3n p\u00fablica de todos los interesados, en funci\u00f3n de la forma en que se recojan sus datos personales, fichas informativas sobre las actividades de tratamiento de datos realizadas, que son accesibles para su consulta en cualquier punto de servicio o mediante solicitud al Delegado de Protecci\u00f3n de Datos. La hoja informativa sobre el tratamiento de datos en la gesti\u00f3n de aplicaciones est\u00e1 disponible en <a href=\"https:\/\/www.dataprotectionofficer.help\/coindu\/information\/\">www.dataprotectionofficer.help\/coindu\/information.<\/a><\/p>\n<p>9.Derechos de los candidatos<\/p>\n<p>COINDU facilita el ejercicio de los derechos de los candidatos en materia de protecci\u00f3n de datos personales. Adem\u00e1s de poder presentar siempre una reclamaci\u00f3n ante la autoridad de control correspondiente, para ejercer cualquier tipo de derecho de protecci\u00f3n de datos, en concreto los derechos de retirada del consentimiento, informaci\u00f3n, acceso, rectificaci\u00f3n, oposici\u00f3n, limitaci\u00f3n del tratamiento o supresi\u00f3n, los candidatos pueden ponerse en contacto directamente con el Responsable de Protecci\u00f3n de Datos de COINDU enviando un correo electr\u00f3nico a <a href=\"mailto:dpo@coindu.com\">dpo@coindu.com,<\/a> describiendo el objeto de la solicitud e indicando una direcci\u00f3n de correo electr\u00f3nico, una direcci\u00f3n de contacto telef\u00f3nico o una direcci\u00f3n postal para recibir una respuesta. El formulario para el ejercicio de los derechos de los interesados est\u00e1 disponible en <a href=\"https:\/\/www.dataprotectionofficer.help\/es\/coindu\/formularios\/\">www.dataprotectionofficer.help\/coindu\/forms\/<\/a> o en cualquier punto de servicio del COINDU.<\/p>\n<p>10.Notificaci\u00f3n de incidentes de violaci\u00f3n de datos personales<\/p>\n<p>COINDU ha implantado un sistema de gesti\u00f3n de incidentes de protecci\u00f3n de datos y seguridad de la informaci\u00f3n. Si cualquier Usuario, Destinatario de Servicios o Usuario desea informar de la ocurrencia de cualquier violaci\u00f3n de datos personales, que accidental o il\u00edcitamente cause la destrucci\u00f3n, p\u00e9rdida, alteraci\u00f3n, divulgaci\u00f3n o acceso no autorizado a datos personales transmitidos, almacenados o sometidos a cualquier otro tipo de tratamiento, puede ponerse en contacto con el Responsable de Protecci\u00f3n de Datos de COINDU o utilizar los contactos generales de COINDU. Puede encontrar un formulario de notificaci\u00f3n de incidentes de violaci\u00f3n de datos personales en <a href=\"https:\/\/www.dataprotectionofficer.help\/es\/coindu\/formularios\/\">www.dataprotectionofficer.help\/coindu\/forms\/<\/a> o en cualquier punto de servicio de COINDU, y tambi\u00e9n puede enviarlo por correo electr\u00f3nico poni\u00e9ndose en contacto con el responsable de protecci\u00f3n de datos.<\/p>\n<p>11.Punto de contacto de seguridad permanente<\/p>\n<p>El COINDU ha puesto en marcha un Punto de Contacto Permanente para la gesti\u00f3n de incidentes de seguridad de la informaci\u00f3n y del ciberespacio. Si cualquier Candidato, Usuario, Receptor de Servicios o Usuario desea notificar un incidente de seguridad de la informaci\u00f3n o un incidente de seguridad del ciberespacio, puede ponerse en contacto con el Punto de Contacto Permanente del COINDU a trav\u00e9s de los canales de comunicaci\u00f3n disponibles en <a href=\"https:\/\/www.dataprotectionofficer.help\/es\/coindu\/seguridad\/\">www.dataprotectionofficer.help\/coindu\/security\/.<\/a> Se puede encontrar un formulario de notificaci\u00f3n de incidentes de seguridad de la informaci\u00f3n o de seguridad del ciberespacio en <a href=\"https:\/\/www.dataprotectionofficer.help\/es\/coindu\/formularios\/\">www.dataprotectionofficer.help\/coindu\/forms\/<\/a> o en cualquier punto de servicio del COINDU, y tambi\u00e9n se puede enviar por correo electr\u00f3nico previa solicitud al Punto de Contacto Permanente.<\/p>\n<p>12.Protecci\u00f3n de los denunciantes de irregularidades<\/p>\n<p>COINDU tiene implantado un Canal de Denuncias, de acuerdo con la normativa legal vigente, garantizando la protecci\u00f3n de los datos personales de los interesados, en los t\u00e9rminos de la Pol\u00edtica de Protecci\u00f3n de Denunciantes accesible en <a href=\"https:\/\/www.whistleblowingofficer.com\/coindu\/estandares-regulatorios\/?lang=es\" target=\"_blank\" rel=\"noopener\">https:\/\/www.whistleblowingofficer.com\/coindu\/estandares-regulatorios\/?lang=es<\/a> .Puede ponerse en contacto con el responsable de denuncias de COINDU a trav\u00e9s de los datos de contacto disponibles en <a href=\"https:\/\/www.dataprotectionofficer.help\/es\/coindu\/denuncia-de-irregularidades\/\">www.dataprotectionofficer.help\/coindu\/whistleblowing\/.<\/a> Se puede acceder a la Plataforma de Denuncias de COINDU a trav\u00e9s del enlace disponible en <a href=\"https:\/\/www.whistleblowingofficer.com\/coindu\/\">https:\/\/www.whistleblowingofficer.com\/coindu\/.<\/a> Se puede acceder a un formulario de denuncia de irregularidades en <a href=\"https:\/\/www.whistleblowingofficer.com\/coindu\/\">https:\/\/www.whistleblowingofficer.com\/coindu\/<\/a> o en cualquier punto de servicio de COINDU y tambi\u00e9n se puede enviar por correo electr\u00f3nico previa solicitud al responsable de denuncias de irregularidades.<\/p>\n<p>13.Prevenci\u00f3n de la corrupci\u00f3n<\/p>\n<p>COINDU tiene implantado un Programa de Cumplimiento Normativo en el \u00e1mbito de la Prevenci\u00f3n de la Corrupci\u00f3n, de acuerdo con la normativa legal vigente, garantizando la protecci\u00f3n de los datos personales de los interesados, en los t\u00e9rminos de la Pol\u00edtica de Prevenci\u00f3n de la Corrupci\u00f3n accesible en <a href=\"http:\/\/www.coindu.com\">www.coindu.com.<\/a> A efectos de la presentaci\u00f3n de denuncias en el \u00e1mbito del r\u00e9gimen de prevenci\u00f3n de la corrupci\u00f3n, cualquier interesado puede utilizar, la Plataforma de Reclamaciones COINDU, accesible a trav\u00e9s del enlace disponible en <a href=\"https:\/\/www.whistleblowingofficer.com\/coindu\/\">https:\/\/www.whistleblowingofficer.com\/coindu\/<\/a> o el formulario de denuncia, accesible en <a href=\"http:\/\/www.whistleblowingofficer.com\/coindu\/\">www.whistleblowingofficer.com\/coindu\/<\/a> o en cualquier punto de servicio COINDU.<\/p>\n<p>14.Pol\u00edticas de protecci\u00f3n de datos<\/p>\n<p>La Pol\u00edtica de Tratamiento de Datos Personales en la Gesti\u00f3n de Solicitudes se complementa con la Pol\u00edtica General de Protecci\u00f3n de Datos de COINDU, que puede consultarse en <a href=\"http:\/\/www.coindu.com\">www.coindu.com.<\/a> Tambi\u00e9n es posible consultar la Pol\u00edtica de Protecci\u00f3n de Datos y Privacidad en el Contexto Laboral, enviando una solicitud al Departamento de Recursos Humanos a la direcci\u00f3n de correo electr\u00f3nico <a href=\"mailto:info@coindu.com\">info@coindu.com;<\/a> o dirigi\u00e9ndose personalmente a cualquier punto de servicio.<\/p>\n<p>15.Versiones de la Pol\u00edtica de Protecci\u00f3n de Datos y Privacidad<\/p>\n<p>Esta versi\u00f3n de la Pol\u00edtica de Tratamiento de Datos en el \u00e1mbito de la Gesti\u00f3n de Aplicaciones se ha publicado con la referencia Versi\u00f3n 202306. Para asegurar su actualizaci\u00f3n, desarrollo y mejora continua, COINDU podr\u00e1, en cualquier momento, realizar los cambios que considere oportunos o necesarios en sus distintas Pol\u00edticas de Protecci\u00f3n de Datos Personales, asegur\u00e1ndose la respectiva publicaci\u00f3n en los distintos canales para garantizar la transparencia e informaci\u00f3n a Usuarios, Destinatarios de Servicios, Clientes, Empleados, Candidatos o Proveedores. Para consultar las versiones anteriores de la Pol\u00edtica de Protecci\u00f3n de Datos y Privacidad, env\u00ede una solicitud por correo electr\u00f3nico a <a href=\"mailto:dpo@coindu.com\">dpo@coindu.com.<\/a> \u00a0<\/p>\n","protected":false},"excerpt":{"rendered":"<p>Pol\u00edtica de tratamiento de datos en la gesti\u00f3n de aplicaciones 1.Compromiso de protecci\u00f3n de datos COINDU MEXICO S. DE R. L. DE C. V., en adelante COINDU, persona jur\u00eddica con n\u00famero de persona jur\u00eddica CME150410CR0, cumple con la normativa legal comunitaria y nacional aplicable en materia de protecci\u00f3n de datos, privacidad y seguridad de la [&hellip;]<\/p>\n","protected":false},"author":2,"featured_media":0,"parent":5477,"menu_order":2,"comment_status":"closed","ping_status":"closed","template":"","meta":{"_et_pb_use_builder":"","_et_pb_old_content":"","_et_gb_content_width":"","inline_featured_image":false,"footnotes":""},"categories":[238,241],"tags":[],"class_list":["post-5508","page","type-page","status-publish","hentry","category-002coindu-es","category-diseno-de-cabecera-coindu-mainpages"],"aioseo_notices":[],"_links":{"self":[{"href":"https:\/\/www.dataprotectionofficer.help\/es\/wp-json\/wp\/v2\/pages\/5508","targetHints":{"allow":["GET"]}}],"collection":[{"href":"https:\/\/www.dataprotectionofficer.help\/es\/wp-json\/wp\/v2\/pages"}],"about":[{"href":"https:\/\/www.dataprotectionofficer.help\/es\/wp-json\/wp\/v2\/types\/page"}],"author":[{"embeddable":true,"href":"https:\/\/www.dataprotectionofficer.help\/es\/wp-json\/wp\/v2\/users\/2"}],"replies":[{"embeddable":true,"href":"https:\/\/www.dataprotectionofficer.help\/es\/wp-json\/wp\/v2\/comments?post=5508"}],"version-history":[{"count":7,"href":"https:\/\/www.dataprotectionofficer.help\/es\/wp-json\/wp\/v2\/pages\/5508\/revisions"}],"predecessor-version":[{"id":6163,"href":"https:\/\/www.dataprotectionofficer.help\/es\/wp-json\/wp\/v2\/pages\/5508\/revisions\/6163"}],"up":[{"embeddable":true,"href":"https:\/\/www.dataprotectionofficer.help\/es\/wp-json\/wp\/v2\/pages\/5477"}],"wp:attachment":[{"href":"https:\/\/www.dataprotectionofficer.help\/es\/wp-json\/wp\/v2\/media?parent=5508"}],"wp:term":[{"taxonomy":"category","embeddable":true,"href":"https:\/\/www.dataprotectionofficer.help\/es\/wp-json\/wp\/v2\/categories?post=5508"},{"taxonomy":"post_tag","embeddable":true,"href":"https:\/\/www.dataprotectionofficer.help\/es\/wp-json\/wp\/v2\/tags?post=5508"}],"curies":[{"name":"wp","href":"https:\/\/api.w.org\/{rel}","templated":true}]}}