{"id":5517,"date":"2023-01-02T15:55:13","date_gmt":"2023-01-02T15:55:13","guid":{"rendered":"https:\/\/www.dataprotectionofficer.help\/informacion\/"},"modified":"2023-12-07T16:27:59","modified_gmt":"2023-12-07T16:27:59","slug":"informacion","status":"publish","type":"page","link":"https:\/\/www.dataprotectionofficer.help\/es\/informacion\/","title":{"rendered":"Informaci\u00f3n"},"content":{"rendered":"<p>[et_pb_section fb_built=\u00bb1&#8243; _builder_version=\u00bb4.20.0&#8243; _module_preset=\u00bbdefault\u00bb background_color=\u00bb#ededed\u00bb min_height=\u00bb100vh\u00bb custom_padding=\u00bb195px||||false|false\u00bb da_disable_devices=\u00bboff|off|off\u00bb global_colors_info=\u00bb{}\u00bb da_is_popup=\u00bboff\u00bb da_exit_intent=\u00bboff\u00bb da_has_close=\u00bbon\u00bb da_alt_close=\u00bboff\u00bb da_dark_close=\u00bboff\u00bb da_not_modal=\u00bbon\u00bb da_is_singular=\u00bboff\u00bb da_with_loader=\u00bboff\u00bb da_has_shadow=\u00bbon\u00bb][et_pb_row _builder_version=\u00bb4.19.4&#8243; _module_preset=\u00bbdefault\u00bb max_width=\u00bb1380px\u00bb custom_margin=\u00bb-1px|auto||auto||\u00bb locked=\u00bboff\u00bb global_colors_info=\u00bb{}\u00bb][et_pb_column type=\u00bb4_4&#8243; _builder_version=\u00bb4.16&#8243; _module_preset=\u00bbdefault\u00bb global_colors_info=\u00bb{}\u00bb][et_pb_text _builder_version=\u00bb4.20.0&#8243; _module_preset=\u00bbdefault\u00bb text_font=\u00bb|300|||||||\u00bb text_text_color=\u00bb#FFFFFF\u00bb text_font_size=\u00bb22px\u00bb header_font=\u00bbAlata|700|||||||\u00bb header_text_color=\u00bb#7C1111&#8243; header_font_size=\u00bb62px\u00bb header_line_height=\u00bb1.5em\u00bb header_2_font=\u00bbMontserrat|700|||||||\u00bb header_2_text_color=\u00bb#3278ad\u00bb header_2_font_size=\u00bb55px\u00bb header_2_line_height=\u00bb1.5em\u00bb custom_margin=\u00bb||1px|||\u00bb header_font_tablet=\u00bb\u00bb header_font_phone=\u00bb\u00bb header_font_last_edited=\u00bbon|tablet\u00bb header_font_size_tablet=\u00bb62px\u00bb header_font_size_phone=\u00bb52px\u00bb header_font_size_last_edited=\u00bbon|phone\u00bb header_2_font_size_tablet=\u00bb45px\u00bb header_2_font_size_phone=\u00bb45px\u00bb header_2_font_size_last_edited=\u00bbon|phone\u00bb global_colors_info=\u00bb{}\u00bb]<\/p>\n<h2>Informaci\u00f3n sobre el tratamiento de datos<\/h2>\n<p>[\/et_pb_text][et_pb_text _builder_version=\u00bb4.20.0&#8243; _module_preset=\u00bbdefault\u00bb text_font=\u00bb|300|||||||\u00bb text_text_color=\u00bb#6d6d6d\u00bb header_font=\u00bbAlata|700|||||||\u00bb header_text_color=\u00bb#7C1111&#8243; header_font_size=\u00bb62px\u00bb header_line_height=\u00bb1.5em\u00bb header_2_font=\u00bbMontserrat|700|||||||\u00bb header_2_text_color=\u00bb#3278ad\u00bb header_2_font_size=\u00bb55px\u00bb header_2_line_height=\u00bb1.5em\u00bb custom_margin=\u00bb||1px|||\u00bb hover_enabled=\u00bb0&#8243; header_font_tablet=\u00bb\u00bb header_font_phone=\u00bb\u00bb header_font_last_edited=\u00bbon|tablet\u00bb header_font_size_tablet=\u00bb62px\u00bb header_font_size_phone=\u00bb52px\u00bb header_font_size_last_edited=\u00bbon|phone\u00bb header_2_font_size_tablet=\u00bb45px\u00bb header_2_font_size_phone=\u00bb45px\u00bb header_2_font_size_last_edited=\u00bbon|phone\u00bb locked=\u00bboff\u00bb global_colors_info=\u00bb{}\u00bb text_font_size=\u00bb18px\u00bb sticky_enabled=\u00bb0&#8243;]<\/p>\n<p>Demostrando el compromiso de Direct Hit con la informaci\u00f3n sobre el tratamiento de datos personales, consulte aqu\u00ed las Fichas Informativas de Tratamiento de Datos vigentes en la organizaci\u00f3n hasta la fecha.<\/p>\n<p>[\/et_pb_text][\/et_pb_column][\/et_pb_row][et_pb_row column_structure=\u00bb1_5,1_5,1_5,1_5,1_5&#8243; use_custom_gutter=\u00bbon\u00bb gutter_width=\u00bb2&#8243; _builder_version=\u00bb4.19.4&#8243; _module_preset=\u00bbdefault\u00bb max_width=\u00bb1380px\u00bb custom_margin=\u00bb-1px|auto||auto||\u00bb custom_padding=\u00bb65px|||||\u00bb locked=\u00bboff\u00bb global_colors_info=\u00bb{}\u00bb][et_pb_column type=\u00bb1_5&#8243; _builder_version=\u00bb4.16&#8243; _module_preset=\u00bbdefault\u00bb global_colors_info=\u00bb{}\u00bb][et_pb_blurb title=\u00bbGeneral\u00bb url_new_window=\u00bbon\u00bb use_icon=\u00bbon\u00bb font_icon=\u00bb&#xe060;||divi||400&#8243; icon_color=\u00bb#74a6da\u00bb image_icon_width=\u00bb38px\u00bb _builder_version=\u00bb4.20.0&#8243; _module_preset=\u00bbdefault\u00bb header_font=\u00bbMontserrat|600|||||||\u00bb header_text_align=\u00bbcenter\u00bb header_text_color=\u00bb#6d6d6d\u00bb header_font_size=\u00bb18px\u00bb body_font=\u00bb|300|||||||\u00bb body_text_align=\u00bbcenter\u00bb body_text_color=\u00bb#6D6D6D\u00bb link_option_url=\u00bbhttps:\/\/www.dataprotectionofficer.help\/directhit\/information\/general\/\u00bb link_option_url_new_window=\u00bbon\u00bb global_colors_info=\u00bb{}\u00bb]<\/p>\n<p>Hoja de Informaci\u00f3n General sobre Tratamiento de Datos &#8211; Usuarios, Usuarios de Servicios y Destinatarios de Servicios.<\/p>\n<p>[\/et_pb_blurb][\/et_pb_column][et_pb_column type=\u00bb1_5&#8243; _builder_version=\u00bb4.16&#8243; _module_preset=\u00bbdefault\u00bb global_colors_info=\u00bb{}\u00bb][et_pb_blurb title=\u00bbAplicaciones\u00bb url_new_window=\u00bbon\u00bb use_icon=\u00bbon\u00bb font_icon=\u00bb&#xe060;||divi||400&#8243; icon_color=\u00bb#74a6da\u00bb image_icon_width=\u00bb38px\u00bb _builder_version=\u00bb4.20.0&#8243; _module_preset=\u00bbdefault\u00bb header_font=\u00bbMontserrat|600|||||||\u00bb header_text_align=\u00bbcenter\u00bb header_text_color=\u00bb#6d6d6d\u00bb header_font_size=\u00bb18px\u00bb body_font=\u00bb|300|||||||\u00bb body_text_align=\u00bbcenter\u00bb body_text_color=\u00bb#6D6D6D\u00bb link_option_url=\u00bbhttps:\/\/www.dataprotectionofficer.help\/directhit\/information\/applications\/\u00bb link_option_url_new_window=\u00bbon\u00bb global_colors_info=\u00bb{}\u00bb]<\/p>\n<p>Hoja informativa sobre tratamiento especial de datos &#8211; Solicitantes.<\/p>\n<p>[\/et_pb_blurb][\/et_pb_column][et_pb_column type=\u00bb1_5&#8243; _builder_version=\u00bb4.16&#8243; _module_preset=\u00bbdefault\u00bb global_colors_info=\u00bb{}\u00bb][et_pb_blurb title=\u00bbProveedores\u00bb url_new_window=\u00bbon\u00bb use_icon=\u00bbon\u00bb font_icon=\u00bb&#xe060;||divi||400&#8243; icon_color=\u00bb#74a6da\u00bb image_icon_width=\u00bb38px\u00bb _builder_version=\u00bb4.20.0&#8243; _module_preset=\u00bbdefault\u00bb header_font=\u00bbMontserrat|600|||||||\u00bb header_text_align=\u00bbcenter\u00bb header_text_color=\u00bb#6d6d6d\u00bb header_font_size=\u00bb18px\u00bb body_font=\u00bb|300|||||||\u00bb body_text_align=\u00bbcenter\u00bb body_text_color=\u00bb#6D6D6D\u00bb link_option_url=\u00bbhttps:\/\/www.dataprotectionofficer.help\/directhit\/information\/suppliers\/\u00bb link_option_url_new_window=\u00bbon\u00bb global_colors_info=\u00bb{}\u00bb]<\/p>\n<p>Hoja informativa especial sobre tratamiento de datos &#8211; Representantes o empleados del proveedor.<\/p>\n<p>[\/et_pb_blurb][\/et_pb_column][et_pb_column type=\u00bb1_5&#8243; _builder_version=\u00bb4.16&#8243; _module_preset=\u00bbdefault\u00bb global_colors_info=\u00bb{}\u00bb][et_pb_blurb title=\u00bbTrabajo\u00bb url_new_window=\u00bbon\u00bb use_icon=\u00bbon\u00bb font_icon=\u00bb&#xe060;||divi||400&#8243; icon_color=\u00bb#74a6da\u00bb image_icon_width=\u00bb38px\u00bb _builder_version=\u00bb4.20.0&#8243; _module_preset=\u00bbdefault\u00bb header_font=\u00bbMontserrat|600|||||||\u00bb header_text_align=\u00bbcenter\u00bb header_text_color=\u00bb#6d6d6d\u00bb header_font_size=\u00bb18px\u00bb body_font=\u00bb|300|||||||\u00bb body_text_align=\u00bbcenter\u00bb body_text_color=\u00bb#6D6D6D\u00bb link_option_url=\u00bb  \/directa\/informaci\u00f3n\/laboral\/\u00bb link_option_url_new_window=\u00bbon\u00bb global_colors_info=\u00bb{}\u00bb]<\/p>\n<p>Hoja informativa sobre tratamiento especial de datos &#8211; Trabajadores.<\/p>\n<p>[\/et_pb_blurb][\/et_pb_column][et_pb_column type=\u00bb1_5&#8243; _builder_version=\u00bb4.16&#8243; _module_preset=\u00bbdefault\u00bb global_colors_info=\u00bb{}\u00bb][et_pb_blurb title=\u00bbCookies\u00bb url_new_window=\u00bbon\u00bb use_icon=\u00bbon\u00bb font_icon=\u00bb&#xe060;||divi||400&#8243; icon_color=\u00bb#74a6da\u00bb image_icon_width=\u00bb38px\u00bb _builder_version=\u00bb4.20.0&#8243; _module_preset=\u00bbdefault\u00bb header_font=\u00bbMontserrat|600|||||||\u00bb header_text_align=\u00bbcenter\u00bb header_text_color=\u00bb#6d6d6d\u00bb header_font_size=\u00bb18px\u00bb body_font=\u00bb|300|||||||\u00bb body_text_align=\u00bbcenter\u00bb body_text_color=\u00bb#6D6D6D\u00bb link_option_url=\u00bbhttps:\/\/www.dataprotectionofficer.help\/directhit\/information\/cookies\/\u00bb link_option_url_new_window=\u00bbon\u00bb global_colors_info=\u00bb{}\u00bb]<\/p>\n<p>Hoja informativa especial sobre cookies &#8211; Usuarios del sitio web.<\/p>\n<p>[\/et_pb_blurb][\/et_pb_column][\/et_pb_row][\/et_pb_section]<\/p>\n","protected":false},"excerpt":{"rendered":"<p>Informaci\u00f3n sobre el tratamiento de datosDemostrando el compromiso de Direct Hit con la informaci\u00f3n sobre el tratamiento de datos personales, consulte aqu\u00ed las Fichas Informativas de Tratamiento de Datos vigentes en la organizaci\u00f3n hasta la fecha.Hoja de Informaci\u00f3n General sobre Tratamiento de Datos &#8211; Usuarios, Usuarios de Servicios y Destinatarios de Servicios.Hoja informativa sobre tratamiento [&hellip;]<\/p>\n","protected":false},"author":1,"featured_media":0,"parent":0,"menu_order":3,"comment_status":"closed","ping_status":"closed","template":"","meta":{"_et_pb_use_builder":"on","_et_pb_old_content":"","_et_gb_content_width":"","inline_featured_image":false,"footnotes":""},"categories":[242,243,244],"tags":[],"class_list":["post-5517","page","type-page","status-publish","hentry","category-plataforma-de-proteccion-de-datos","category-001golpe-directo","category-diseno-de-cabeceras-de-impacto-directo-generalidades"],"aioseo_notices":[],"_links":{"self":[{"href":"https:\/\/www.dataprotectionofficer.help\/es\/wp-json\/wp\/v2\/pages\/5517","targetHints":{"allow":["GET"]}}],"collection":[{"href":"https:\/\/www.dataprotectionofficer.help\/es\/wp-json\/wp\/v2\/pages"}],"about":[{"href":"https:\/\/www.dataprotectionofficer.help\/es\/wp-json\/wp\/v2\/types\/page"}],"author":[{"embeddable":true,"href":"https:\/\/www.dataprotectionofficer.help\/es\/wp-json\/wp\/v2\/users\/1"}],"replies":[{"embeddable":true,"href":"https:\/\/www.dataprotectionofficer.help\/es\/wp-json\/wp\/v2\/comments?post=5517"}],"version-history":[{"count":2,"href":"https:\/\/www.dataprotectionofficer.help\/es\/wp-json\/wp\/v2\/pages\/5517\/revisions"}],"predecessor-version":[{"id":5519,"href":"https:\/\/www.dataprotectionofficer.help\/es\/wp-json\/wp\/v2\/pages\/5517\/revisions\/5519"}],"wp:attachment":[{"href":"https:\/\/www.dataprotectionofficer.help\/es\/wp-json\/wp\/v2\/media?parent=5517"}],"wp:term":[{"taxonomy":"category","embeddable":true,"href":"https:\/\/www.dataprotectionofficer.help\/es\/wp-json\/wp\/v2\/categories?post=5517"},{"taxonomy":"post_tag","embeddable":true,"href":"https:\/\/www.dataprotectionofficer.help\/es\/wp-json\/wp\/v2\/tags?post=5517"}],"curies":[{"name":"wp","href":"https:\/\/api.w.org\/{rel}","templated":true}]}}