{"id":5528,"date":"2023-02-24T17:50:11","date_gmt":"2023-02-24T17:50:11","guid":{"rendered":"https:\/\/www.dataprotectionofficer.help\/coindu\/politicas\/proveedores\/"},"modified":"2024-04-26T16:27:36","modified_gmt":"2024-04-26T16:27:36","slug":"proveedores","status":"publish","type":"page","link":"https:\/\/www.dataprotectionofficer.help\/es\/coindu\/politicas\/proveedores\/","title":{"rendered":"Proveedores"},"content":{"rendered":"<h1>Pol\u00edtica de tratamiento de datos en las relaciones con los proveedores<\/h1>\n<p>1.Compromiso de protecci\u00f3n de datos<\/p>\n<p>COINDU MEXICO S. DE R. L. DE C. V., en adelante COINDU, persona jur\u00eddica con n\u00famero de persona jur\u00eddica CME150410CR0, cumple con la normativa legal comunitaria y nacional aplicable en materia de protecci\u00f3n de datos personales, privacidad y seguridad de la informaci\u00f3n de los interesados, en el \u00e1mbito de las operaciones de tratamiento de datos realizadas en la relaci\u00f3n con los proveedores &#8211; ya sean los propios proveedores los interesados como personas f\u00edsicas, ya sean los interesados los empleados de los proveedores &#8211; de conformidad con lo siguiente las condiciones generales de la Pol\u00edtica de Protecci\u00f3n de Datos y Privacidad, a la que se puede acceder en <a href=\"http:\/\/www.coindu.com\">www.coindu.com<\/a> o en cualquiera de los puntos de servicio, y los t\u00e9rminos especiales de esta Pol\u00edtica para el Tratamiento de Datos Personales en las Relaciones con Proveedores.<\/p>\n<p>2.Datos personales<\/p>\n<p>COINDU recoge y trata las siguientes categor\u00edas de datos personales de proveedores o empleados de proveedores: &#8211; datos de identificaci\u00f3n; &#8211; datos de contacto; &#8211; datos y certificaciones profesionales; &#8211; datos de tr\u00e1fico y control de acceso a las instalaciones.<\/p>\n<p>3.Fuentes de datos<\/p>\n<p>COINDU recopila datos personales de proveedores o empleados de proveedores recab\u00e1ndolos directamente de ellos o indirectamente de su empleador, mediante la cumplimentaci\u00f3n de formularios de registro de informaci\u00f3n.<\/p>\n<p>4. Finalidad del tratamiento<\/p>\n<p>COINDU trata los datos personales de los proveedores o empleados de los proveedores exclusivamente con la finalidad de verificar la legitimaci\u00f3n de los representantes legales, el control de accesos, la seguridad, higiene y salud laboral y la prestaci\u00f3n de los servicios contratados en el ejercicio de la actividad econ\u00f3mica.<\/p>\n<p>5.Legitimidad del tratamiento<\/p>\n<p>COINDU basa la legitimaci\u00f3n del tratamiento de los datos personales de los proveedores o empleados de los proveedores en la concreta actividad de tratamiento realizada, ya sea en base a la gesti\u00f3n de la relaci\u00f3n contractual, al cumplimiento de obligaciones legales o a los intereses leg\u00edtimos del ejercicio de la actividad econ\u00f3mica.<\/p>\n<p>6.Periodo de conservaci\u00f3n de los datos<\/p>\n<p>COINDU conservar\u00e1 los datos durante el plazo necesario para el cumplimiento de las finalidades del tratamiento, cumpliendo los plazos legales aplicables, pudiendo los proveedores o colaboradores de proveedores solicitar su supresi\u00f3n o ejercitar cualquier otro derecho en cualquier momento, con sujeci\u00f3n a las condiciones y limitaciones previstas legalmente, y con un plazo de carencia de un a\u00f1o para la conservaci\u00f3n de los datos personales de los proveedores o colaboradores de proveedores.<\/p>\n<p>7.Comunicaci\u00f3n de datos personales<\/p>\n<p>Los datos personales de los proveedores o empleados de los proveedores son tratados exclusivamente por los servicios de contrataci\u00f3n y compras, gesti\u00f3n de recursos humanos y prevenci\u00f3n de riesgos laborales de COINDU, no comunic\u00e1ndose ning\u00fan dato a terceros, salvo en los supuestos legalmente previstos en los que los datos personales deban ser comunicados a terceros.<\/p>\n<p>8.Fichas informativas de tratamiento de datos<\/p>\n<p>En virtud del principio de lealtad y transparencia y para garantizar el cumplimiento del deber de informaci\u00f3n, COINDU entrega directamente o pone a disposici\u00f3n p\u00fablica de todos los interesados, en funci\u00f3n de la forma en que se recojan sus datos personales, fichas informativas sobre las operaciones de tratamiento de datos realizadas, que son accesibles para su consulta en cualquier punto de servicio o previa solicitud al Delegado de Protecci\u00f3n de Datos. La hoja informativa sobre el tratamiento de datos en las relaciones con los proveedores est\u00e1 disponible en <a href=\"https:\/\/www.dataprotectionofficer.help\/coindu\/information\/\">www.dataprotectionofficer.help\/coindu\/information.<\/a><\/p>\n<p>9.Derechos de los proveedores o de sus empleados<\/p>\n<p>COINDU facilita el ejercicio de los derechos de los proveedores o de sus empleados en materia de protecci\u00f3n de datos personales. Adem\u00e1s de poder presentar siempre una reclamaci\u00f3n ante la autoridad de control correspondiente, para ejercer cualquier tipo de derecho de protecci\u00f3n de datos, en concreto los derechos de retirada del consentimiento, informaci\u00f3n, acceso, rectificaci\u00f3n, oposici\u00f3n, limitaci\u00f3n del tratamiento o supresi\u00f3n, los proveedores o sus empleados pueden ponerse en contacto con el responsable de protecci\u00f3n de datos de COINDU por correo electr\u00f3nico en la siguiente direcci\u00f3n <a href=\"mailto:dpo@coindu.com\">dpo@coindu.com,<\/a> describiendo el objeto de la solicitud e indicando una direcci\u00f3n de correo electr\u00f3nico, una direcci\u00f3n de contacto telef\u00f3nico o una direcci\u00f3n postal para recibir una respuesta. El formulario para el ejercicio de los derechos de los interesados est\u00e1 disponible en <a href=\"https:\/\/www.dataprotectionofficer.help\/es\/coindu\/formularios\/\">www.dataprotectionofficer.help\/coindu\/forms\/<\/a> o en cualquier punto de servicio del COINDU.<\/p>\n<p>10.Notificaci\u00f3n de incidentes de violaci\u00f3n de datos<\/p>\n<p>COINDU ha implantado un sistema de gesti\u00f3n de incidentes de protecci\u00f3n de datos y seguridad de la informaci\u00f3n. Si cualquier Proveedor o Colaborador de un Proveedor de COINDU desea informar de la ocurrencia de cualquier violaci\u00f3n de datos personales, que accidental o il\u00edcitamente provoque la destrucci\u00f3n, p\u00e9rdida, alteraci\u00f3n, divulgaci\u00f3n o acceso no autorizado a datos personales transmitidos, almacenados o sometidos a cualquier otro tipo de tratamiento, puede ponerse en contacto con el Responsable de Protecci\u00f3n de Datos de COINDU o utilizar los contactos generales de COINDU. Puede encontrar un formulario de notificaci\u00f3n de incidentes de violaci\u00f3n de datos personales en <a href=\"https:\/\/www.dataprotectionofficer.help\/es\/coindu\/formularios\/\">www.dataprotectionofficer.help\/coindu\/forms<\/a> o en cualquier punto de servicio de COINDU, y tambi\u00e9n puede enviarlo por correo electr\u00f3nico poni\u00e9ndose en contacto con el responsable de protecci\u00f3n de datos.<\/p>\n<p>11.Punto de contacto de seguridad permanente<\/p>\n<p>El COINDU ha puesto en marcha un Punto de Contacto Permanente para la gesti\u00f3n de incidentes de seguridad de la informaci\u00f3n y del ciberespacio. Si cualquier Proveedor o Empleado del Proveedor desea notificar un incidente de seguridad de la informaci\u00f3n o un incidente de seguridad del ciberespacio, puede ponerse en contacto con el Punto de Contacto Permanente de COINDU a trav\u00e9s de los canales de comunicaci\u00f3n disponibles en <a href=\"https:\/\/www.dataprotectionofficer.help\/es\/coindu\/seguridad\/\">www.dataprotectionofficer.help\/coindu\/security\/.<\/a> Se puede encontrar un formulario de notificaci\u00f3n de incidentes de seguridad de la informaci\u00f3n o de seguridad del ciberespacio en <a href=\"https:\/\/www.dataprotectionofficer.help\/es\/coindu\/formularios\/\">www.dataprotectionofficer.help\/coindu\/forms<\/a> o en cualquier punto de servicio del COINDU, y tambi\u00e9n se puede enviar por correo electr\u00f3nico previa solicitud al Punto de Contacto Permanente.<\/p>\n<p>12.Protecci\u00f3n de denunciantes<\/p>\n<p>A COINDU tem implementado um Canal de Den\u00fancias, em conformidade com as normas jur\u00eddicas em vigor, garantindo a prote\u00e7\u00e3o dos dados pessoais dos titulares de dados, nos termos da Pol\u00edtica de Prote\u00e7\u00e3o de Denunciantes acess\u00edvel em <a href=\"https:\/\/www.whistleblowingofficer.com\/coindu\/estandares-regulatorios\/politica-de-proteccion-de-denunciantes\/?lang=es\" target=\"_blank\" rel=\"noopener\">https:\/\/www.whistleblowingofficer.com\/coindu\/estandares-regulatorios\/politica-de-proteccion-de-denunciantes\/?lang=es<\/a> El Responsable de las Denuncias en el COINDU puede ser contactado a trav\u00e9s de los contactos disponibles en <a href=\"https:\/\/www.dataprotectionofficer.help\/es\/coindu\/denuncia-de-irregularidades\/\">www.dataprotectionofficer.help\/coindu\/whistleblowing\/.<\/a> La Plataforma de Denuncias de COINDU es accesible a trav\u00e9s de la hiperliga disponible en <a href=\"https:\/\/coindu-mexico.whistleblowingofficer.com\/#\/\">https:\/\/coindu-mexico.whistleblowingofficer.com\/#\/<\/a> Un Formulario de Comunicaci\u00f3n de Denuncias est\u00e1 disponible en <a href=\"https:\/\/www.dataprotectionofficer.help\/es\/coindu\/formularios\/\">www.dataprotectionofficer.help\/coindu\/forms\/<\/a> o en cualquier punto de atenci\u00f3n de COINDU, pudiendo tambi\u00e9n solicitarse su env\u00edo por correo electr\u00f3nico, a trav\u00e9s de la solicitud al Responsable por las Denuncias.<\/p>\n<p>13.Prevenci\u00f3n de la corrupci\u00f3n<\/p>\n<p>COINDU tiene implantado un Programa de Cumplimiento Normativo en el \u00e1mbito de la Prevenci\u00f3n de la Corrupci\u00f3n, de acuerdo con la normativa legal vigente, garantizando la protecci\u00f3n de los datos personales de los interesados, en los t\u00e9rminos de la Pol\u00edtica de Prevenci\u00f3n de la Corrupci\u00f3n accesible en <a href=\"http:\/\/www.coindu.com\">www.coindu.com.<\/a> A efectos de la presentaci\u00f3n de denuncias en el \u00e1mbito del r\u00e9gimen de prevenci\u00f3n de la corrupci\u00f3n, cualquier interesado puede utilizar, la Plataforma de Reclamaciones COINDU, accesible a trav\u00e9s del enlace disponible en <a href=\"https:\/\/www.whistleblowingofficer.com\/coindu\/\">https:\/\/www.whistleblowingofficer.com\/coindu\/<\/a> o el formulario de denuncia, accesible en <a href=\"https:\/\/www.dataprotectionofficer.help\/es\/coindu\/formularios\/\">www.dataprotectionofficer.help\/coindu\/forms\/<\/a> o en cualquier punto de servicio COINDU.<\/p>\n<p>14.Pol\u00edticas de protecci\u00f3n de datos<\/p>\n<p>La Pol\u00edtica de Tratamiento de Datos Personales de Proveedores o Empleados de un Proveedor de COINDU se complementa con la Pol\u00edtica General de Protecci\u00f3n de Datos de COINDU, a la que se puede acceder en <a href=\"http:\/\/www.coindu.com\">www.coindu.com.<\/a> Tambi\u00e9n es posible consultar las dem\u00e1s Pol\u00edticas espec\u00edficas de Protecci\u00f3n de Datos y Privacidad, poni\u00e9ndose en contacto con el responsable de protecci\u00f3n de datos en <a href=\"mailto:dpo@coindu.com\">dpo@coindu.com;<\/a> o dirigi\u00e9ndose personalmente a cualquier punto de servicio.<\/p>\n<p>15.Versiones de la pol\u00edtica<\/p>\n<p>Esta versi\u00f3n de la Pol\u00edtica de Tratamiento de Datos para la Gesti\u00f3n de Proveedores se ha publicado con la referencia Versi\u00f3n 202312.<\/p>\n<p>Para asegurar su actualizaci\u00f3n, desarrollo y mejora continua, COINDU podr\u00e1, en cualquier momento, realizar los cambios que considere oportunos o necesarios en las Pol\u00edticas de Protecci\u00f3n de Datos, asegur\u00e1ndose su publicaci\u00f3n en los diferentes canales para garantizar la transparencia e informaci\u00f3n a los Usuarios, Destinatarios de los Servicios, Clientes, Empleados, Candidatos o Proveedores. Para consultar las versiones anteriores de la Pol\u00edtica de Protecci\u00f3n de Datos y Privacidad, env\u00ede una solicitud por correo electr\u00f3nico a <a href=\"mailto:dpo@coindu.com\">dpo@coindu.com.<\/a> \u00a0 \u00a0<\/p>\n","protected":false},"excerpt":{"rendered":"<p>Pol\u00edtica de tratamiento de datos en las relaciones con los proveedores 1.Compromiso de protecci\u00f3n de datos COINDU MEXICO S. DE R. L. DE C. V., en adelante COINDU, persona jur\u00eddica con n\u00famero de persona jur\u00eddica CME150410CR0, cumple con la normativa legal comunitaria y nacional aplicable en materia de protecci\u00f3n de datos personales, privacidad y seguridad [&hellip;]<\/p>\n","protected":false},"author":2,"featured_media":0,"parent":5477,"menu_order":3,"comment_status":"closed","ping_status":"closed","template":"","meta":{"_et_pb_use_builder":"off","_et_pb_old_content":"","_et_gb_content_width":"","inline_featured_image":false,"footnotes":""},"categories":[238,241],"tags":[],"class_list":["post-5528","page","type-page","status-publish","hentry","category-002coindu-es","category-diseno-de-cabecera-coindu-mainpages"],"aioseo_notices":[],"_links":{"self":[{"href":"https:\/\/www.dataprotectionofficer.help\/es\/wp-json\/wp\/v2\/pages\/5528","targetHints":{"allow":["GET"]}}],"collection":[{"href":"https:\/\/www.dataprotectionofficer.help\/es\/wp-json\/wp\/v2\/pages"}],"about":[{"href":"https:\/\/www.dataprotectionofficer.help\/es\/wp-json\/wp\/v2\/types\/page"}],"author":[{"embeddable":true,"href":"https:\/\/www.dataprotectionofficer.help\/es\/wp-json\/wp\/v2\/users\/2"}],"replies":[{"embeddable":true,"href":"https:\/\/www.dataprotectionofficer.help\/es\/wp-json\/wp\/v2\/comments?post=5528"}],"version-history":[{"count":8,"href":"https:\/\/www.dataprotectionofficer.help\/es\/wp-json\/wp\/v2\/pages\/5528\/revisions"}],"predecessor-version":[{"id":6148,"href":"https:\/\/www.dataprotectionofficer.help\/es\/wp-json\/wp\/v2\/pages\/5528\/revisions\/6148"}],"up":[{"embeddable":true,"href":"https:\/\/www.dataprotectionofficer.help\/es\/wp-json\/wp\/v2\/pages\/5477"}],"wp:attachment":[{"href":"https:\/\/www.dataprotectionofficer.help\/es\/wp-json\/wp\/v2\/media?parent=5528"}],"wp:term":[{"taxonomy":"category","embeddable":true,"href":"https:\/\/www.dataprotectionofficer.help\/es\/wp-json\/wp\/v2\/categories?post=5528"},{"taxonomy":"post_tag","embeddable":true,"href":"https:\/\/www.dataprotectionofficer.help\/es\/wp-json\/wp\/v2\/tags?post=5528"}],"curies":[{"name":"wp","href":"https:\/\/api.w.org\/{rel}","templated":true}]}}