{"id":5770,"date":"2023-02-24T17:50:45","date_gmt":"2023-02-24T17:50:45","guid":{"rendered":"https:\/\/www.dataprotectionofficer.help\/coindu\/ejercicio-de-derechos\/"},"modified":"2024-02-12T14:30:17","modified_gmt":"2024-02-12T14:30:17","slug":"ejercicio-de-derechos","status":"publish","type":"page","link":"https:\/\/www.dataprotectionofficer.help\/es\/coindu\/ejercicio-de-derechos\/","title":{"rendered":"Ejercicio de Derechos"},"content":{"rendered":"<p>[et_pb_section fb_built=\u00bb1&#8243; _builder_version=\u00bb4.20.0&#8243; _module_preset=\u00bbdefault\u00bb background_color=\u00bb#ededed\u00bb min_height=\u00bb100vh\u00bb custom_padding=\u00bb195px||||false|false\u00bb da_disable_devices=\u00bboff|off|off\u00bb global_colors_info=\u00bb{}\u00bb da_is_popup=\u00bboff\u00bb da_exit_intent=\u00bboff\u00bb da_has_close=\u00bbon\u00bb da_alt_close=\u00bboff\u00bb da_dark_close=\u00bboff\u00bb da_not_modal=\u00bbon\u00bb da_is_singular=\u00bboff\u00bb da_with_loader=\u00bboff\u00bb da_has_shadow=\u00bbon\u00bb][et_pb_row _builder_version=\u00bb4.19.4&#8243; _module_preset=\u00bbdefault\u00bb max_width=\u00bb1380px\u00bb custom_margin=\u00bb-1px|auto||auto||\u00bb locked=\u00bboff\u00bb global_colors_info=\u00bb{}\u00bb][et_pb_column type=\u00bb4_4&#8243; _builder_version=\u00bb4.16&#8243; _module_preset=\u00bbdefault\u00bb global_colors_info=\u00bb{}\u00bb][et_pb_post_title meta=\u00bboff\u00bb featured_image=\u00bboff\u00bb _builder_version=\u00bb4.20.0&#8243; _module_preset=\u00bbdefault\u00bb title_font=\u00bbMontserrat|700|||||||\u00bb title_text_color=\u00bb#3278ad\u00bb title_font_size=\u00bb55px\u00bb title_line_height=\u00bb1.5em\u00bb title_font_tablet=\u00bbMontserrat|700|||||||\u00bb title_font_phone=\u00bbMontserrat|700|||||||\u00bb title_font_last_edited=\u00bbon|tablet\u00bb title_font_size_tablet=\u00bb62px\u00bb title_font_size_phone=\u00bb52px\u00bb title_font_size_last_edited=\u00bbon|phone\u00bb global_colors_info=\u00bb{}\u00bb title_2_font_size_tablet=\u00bb45px\u00bb title_2_font_size_phone=\u00bb45px\u00bb title_2_font_size_last_edited=\u00bbon|phone\u00bb][\/et_pb_post_title][et_pb_text _builder_version=\u00bb4.20.0&#8243; _module_preset=\u00bbdefault\u00bb text_font=\u00bb|300|||||||\u00bb text_text_color=\u00bb#6d6d6d\u00bb text_font_size=\u00bb18px\u00bb header_font=\u00bbMontserrat||||||||\u00bb header_text_align=\u00bbcenter\u00bb header_text_color=\u00bb#6d6d6d\u00bb header_font_size=\u00bb20px\u00bb header_2_font=\u00bbMontserrat|700|||||||\u00bb header_2_text_color=\u00bb#3278ad\u00bb header_2_font_size=\u00bb55px\u00bb header_2_line_height=\u00bb1.5em\u00bb transform_scale_linked=\u00bboff\u00bb module_alignment=\u00bbcenter\u00bb header_2_font_size_tablet=\u00bb45px\u00bb header_2_font_size_phone=\u00bb45px\u00bb header_2_font_size_last_edited=\u00bbon|phone\u00bb global_colors_info=\u00bb{}\u00bb custom_css_blurb_content_tablet=\u00bbwidth:auto;\u00bb custom_css_blurb_content_phone=\u00bbwidth:auto;\u00bb custom_css_blurb_content_last_edited=\u00bbon|phone\u00bb]<\/p>\n<p>Si desea ejercer cualquier derecho de protecci\u00f3n de datos, a saber, el derecho de acceso, rectificaci\u00f3n, oposici\u00f3n o limitaci\u00f3n del tratamiento, portabilidad, supresi\u00f3n o retirada del consentimiento, (I) p\u00f3ngase en contacto con el responsable de protecci\u00f3n de datos a trav\u00e9s de cualquiera de los puntos de contacto disponibles o (II) env\u00ede el formulario de ejercicio de derechos.<\/p>\n<p>[\/et_pb_text][et_pb_text _builder_version=\u00bb4.20.0&#8243; _module_preset=\u00bbdefault\u00bb text_font=\u00bb|300|||||||\u00bb text_text_color=\u00bb#6d6d6d\u00bb text_font_size=\u00bb18px\u00bb header_font=\u00bbMontserrat||||||||\u00bb header_text_align=\u00bbcenter\u00bb header_text_color=\u00bb#6d6d6d\u00bb header_font_size=\u00bb20px\u00bb header_2_font=\u00bbMontserrat|700|||||||\u00bb header_2_text_color=\u00bb#3278ad\u00bb header_2_font_size=\u00bb55px\u00bb header_2_line_height=\u00bb1.5em\u00bb transform_scale_linked=\u00bboff\u00bb module_alignment=\u00bbcenter\u00bb header_2_font_size_tablet=\u00bb45px\u00bb header_2_font_size_phone=\u00bb45px\u00bb header_2_font_size_last_edited=\u00bbon|phone\u00bb global_colors_info=\u00bb{}\u00bb custom_css_blurb_content_tablet=\u00bbwidth:auto;\u00bb custom_css_blurb_content_phone=\u00bbwidth:auto;\u00bb custom_css_blurb_content_last_edited=\u00bbon|phone\u00bb]<\/p>\n<p>Si necesitas ayuda con esto, ponte en contacto con nuestro Soporte.<\/p>\n<p>[\/et_pb_text][\/et_pb_column][\/et_pb_row][et_pb_row column_structure=\u00bb1_3,1_3,1_3&#8243; _builder_version=\u00bb4.19.4&#8243; _module_preset=\u00bbdefault\u00bb max_width=\u00bb1380px\u00bb custom_margin=\u00bb-1px|auto||auto||\u00bb locked=\u00bboff\u00bb global_colors_info=\u00bb{}\u00bb][et_pb_column type=\u00bb1_3&#8243; _builder_version=\u00bb4.16&#8243; _module_preset=\u00bbdefault\u00bb global_colors_info=\u00bb{}\u00bb][et_pb_blurb title=\u00bbRPD\u00bb url_new_window=\u00bbon\u00bb use_icon=\u00bbon\u00bb font_icon=\u00bb&#xf505;||fa||900&#8243; icon_color=\u00bb#74a6da\u00bb image_icon_width=\u00bb38px\u00bb content_max_width=\u00bb100%\u00bb _builder_version=\u00bb4.20.0&#8243; _module_preset=\u00bbdefault\u00bb header_font=\u00bbMontserrat||||||||\u00bb header_text_align=\u00bbcenter\u00bb header_text_color=\u00bb#6d6d6d\u00bb header_font_size=\u00bb20px\u00bb body_font=\u00bb|300|||||||\u00bb body_text_align=\u00bbcenter\u00bb transform_scale_linked=\u00bboff\u00bb module_alignment=\u00bbcenter\u00bb link_option_url=\u00bb\/coindu\/responsable-de-proteccion-de-datos\/\u00bb custom_css_blurb_content=\u00bbwidth:440px;\u00bb locked=\u00bboff\u00bb global_colors_info=\u00bb{}\u00bb custom_css_blurb_content_tablet=\u00bbwidth:auto;\u00bb custom_css_blurb_content_phone=\u00bbwidth:auto;\u00bb custom_css_blurb_content_last_edited=\u00bbon|phone\u00bb][\/et_pb_blurb][\/et_pb_column][et_pb_column type=\u00bb1_3&#8243; _builder_version=\u00bb4.16&#8243; _module_preset=\u00bbdefault\u00bb global_colors_info=\u00bb{}\u00bb][et_pb_blurb title=\u00bbFormulario\u00bb url_new_window=\u00bbon\u00bb use_icon=\u00bbon\u00bb font_icon=\u00bb&#xf46c;||fa||900&#8243; icon_color=\u00bb#74a6da\u00bb image_icon_width=\u00bb38px\u00bb content_max_width=\u00bb100%\u00bb _builder_version=\u00bb4.20.0&#8243; _module_preset=\u00bbdefault\u00bb header_font=\u00bbMontserrat||||||||\u00bb header_text_align=\u00bbcenter\u00bb header_text_color=\u00bb#6d6d6d\u00bb header_font_size=\u00bb20px\u00bb body_font=\u00bb|300|||||||\u00bb body_text_align=\u00bbcenter\u00bb transform_scale_linked=\u00bboff\u00bb module_alignment=\u00bbcenter\u00bb link_option_url=\u00bbhttps:\/\/form.jotform.com\/directhit\/EDTDP-coindu-ES\u00bb link_option_url_new_window=\u00bbon\u00bb custom_css_blurb_content=\u00bbwidth:440px;\u00bb locked=\u00bboff\u00bb global_colors_info=\u00bb{}\u00bb custom_css_blurb_content_tablet=\u00bbwidth:auto;\u00bb custom_css_blurb_content_phone=\u00bbwidth:auto;\u00bb custom_css_blurb_content_last_edited=\u00bbon|phone\u00bb][\/et_pb_blurb][\/et_pb_column][et_pb_column type=\u00bb1_3&#8243; _builder_version=\u00bb4.16&#8243; _module_preset=\u00bbdefault\u00bb global_colors_info=\u00bb{}\u00bb][et_pb_blurb title=\u00bbSoporte\u00bb url_new_window=\u00bbon\u00bb use_icon=\u00bbon\u00bb font_icon=\u00bb&#xf590;||fa||900&#8243; icon_color=\u00bb#74a6da\u00bb image_icon_width=\u00bb38px\u00bb content_max_width=\u00bb100%\u00bb _builder_version=\u00bb4.20.0&#8243; _module_preset=\u00bbdefault\u00bb header_font=\u00bbMontserrat||||||||\u00bb header_text_align=\u00bbcenter\u00bb header_text_color=\u00bb#6d6d6d\u00bb header_font_size=\u00bb20px\u00bb body_font=\u00bb|300|||||||\u00bb body_text_align=\u00bbcenter\u00bb transform_scale_linked=\u00bboff\u00bb module_alignment=\u00bbcenter\u00bb link_option_url=\u00bbhttps:\/\/www.dataprotectionofficer.help\/support\/\u00bb link_option_url_new_window=\u00bbon\u00bb custom_css_blurb_content=\u00bbwidth:440px;\u00bb locked=\u00bboff\u00bb global_colors_info=\u00bb{}\u00bb custom_css_blurb_content_tablet=\u00bbwidth:auto;\u00bb custom_css_blurb_content_phone=\u00bbwidth:auto;\u00bb custom_css_blurb_content_last_edited=\u00bbon|phone\u00bb][\/et_pb_blurb][\/et_pb_column][\/et_pb_row][\/et_pb_section]<\/p>\n","protected":false},"excerpt":{"rendered":"<p>Si desea ejercer cualquier derecho de protecci\u00f3n de datos, a saber, el derecho de acceso, rectificaci\u00f3n, oposici\u00f3n o limitaci\u00f3n del tratamiento, portabilidad, supresi\u00f3n o retirada del consentimiento, (I) p\u00f3ngase en contacto con el responsable de protecci\u00f3n de datos a trav\u00e9s de cualquiera de los puntos de contacto disponibles o (II) env\u00ede el formulario de ejercicio [&hellip;]<\/p>\n","protected":false},"author":2,"featured_media":0,"parent":5473,"menu_order":9,"comment_status":"closed","ping_status":"closed","template":"","meta":{"_et_pb_use_builder":"on","_et_pb_old_content":"","_et_gb_content_width":"","inline_featured_image":false,"footnotes":""},"categories":[238,239],"tags":[],"class_list":["post-5770","page","type-page","status-publish","hentry","category-002coindu-es","category-diseno-de-la-cabecera-de-coindu-generalidades"],"aioseo_notices":[],"_links":{"self":[{"href":"https:\/\/www.dataprotectionofficer.help\/es\/wp-json\/wp\/v2\/pages\/5770","targetHints":{"allow":["GET"]}}],"collection":[{"href":"https:\/\/www.dataprotectionofficer.help\/es\/wp-json\/wp\/v2\/pages"}],"about":[{"href":"https:\/\/www.dataprotectionofficer.help\/es\/wp-json\/wp\/v2\/types\/page"}],"author":[{"embeddable":true,"href":"https:\/\/www.dataprotectionofficer.help\/es\/wp-json\/wp\/v2\/users\/2"}],"replies":[{"embeddable":true,"href":"https:\/\/www.dataprotectionofficer.help\/es\/wp-json\/wp\/v2\/comments?post=5770"}],"version-history":[{"count":2,"href":"https:\/\/www.dataprotectionofficer.help\/es\/wp-json\/wp\/v2\/pages\/5770\/revisions"}],"predecessor-version":[{"id":5772,"href":"https:\/\/www.dataprotectionofficer.help\/es\/wp-json\/wp\/v2\/pages\/5770\/revisions\/5772"}],"up":[{"embeddable":true,"href":"https:\/\/www.dataprotectionofficer.help\/es\/wp-json\/wp\/v2\/pages\/5473"}],"wp:attachment":[{"href":"https:\/\/www.dataprotectionofficer.help\/es\/wp-json\/wp\/v2\/media?parent=5770"}],"wp:term":[{"taxonomy":"category","embeddable":true,"href":"https:\/\/www.dataprotectionofficer.help\/es\/wp-json\/wp\/v2\/categories?post=5770"},{"taxonomy":"post_tag","embeddable":true,"href":"https:\/\/www.dataprotectionofficer.help\/es\/wp-json\/wp\/v2\/tags?post=5770"}],"curies":[{"name":"wp","href":"https:\/\/api.w.org\/{rel}","templated":true}]}}